{"id":2258,"date":"2013-04-22T07:56:34","date_gmt":"2013-04-22T06:56:34","guid":{"rendered":"http:\/\/www.westmachinesoutils.fr\/?page_id=2258"},"modified":"2013-11-05T12:17:34","modified_gmt":"2013-11-05T11:17:34","slug":"mentions-legales-de","status":"publish","type":"page","link":"https:\/\/www.westmachinesoutils.fr\/de\/mentions-legales-de","title":{"rendered":"Mentions l\u00e9gales"},"content":{"rendered":"<p>R\u00e9alisation du site :<br \/>\nBM-STRATEGIE SAS<br \/>\nAgence de communication digitale haut de gamme<br \/>\n16, all\u00e9e F\u00e9lix Guyon<br \/>\n44800 SAINT HERBLAIN<br \/>\nSIRET : 539 585 117 00010<br \/>\n<a target=\"_blank\" href=\"http:\/\/www.bm-strategie.com\">www.bm-strategie.com<\/a><\/p>\n","protected":false},"excerpt":{"rendered":"<p>R\u00e9alisation du site : BM-STRATEGIE SAS Agence de communication digitale haut de gamme 16, all\u00e9e F\u00e9lix Guyon 44800 SAINT HERBLAIN SIRET : 539 585 117 00010 www.bm-strategie.com<\/p>\n","protected":false},"author":4,"featured_media":0,"parent":0,"menu_order":0,"comment_status":"open","ping_status":"open","template":"","meta":{"footnotes":""},"class_list":["post-2258","page","type-page","status-publish","hentry"],"yoast_head":"<!-- This site is optimized with the Yoast SEO plugin v26.8 - https:\/\/yoast.com\/product\/yoast-seo-wordpress\/ -->\n<title>Mentions l\u00e9gales - West Machines Outils<\/title>\n<meta name=\"robots\" content=\"index, follow, max-snippet:-1, max-image-preview:large, max-video-preview:-1\" \/>\n<link rel=\"canonical\" href=\"https:\/\/www.westmachinesoutils.fr\/mentions-legales\" \/>\n<meta property=\"og:locale\" content=\"de_DE\" \/>\n<meta property=\"og:type\" content=\"article\" \/>\n<meta property=\"og:title\" content=\"Mentions l\u00e9gales - West Machines Outils\" \/>\n<meta property=\"og:description\" content=\"R\u00e9alisation du site : BM-STRATEGIE SAS Agence de communication digitale haut de gamme 16, all\u00e9e F\u00e9lix Guyon 44800 SAINT HERBLAIN SIRET : 539 585 117 00010 www.bm-strategie.com\" \/>\n<meta property=\"og:url\" content=\"https:\/\/www.westmachinesoutils.fr\/mentions-legales\" \/>\n<meta property=\"og:site_name\" content=\"West Machines Outils\" \/>\n<meta property=\"article:modified_time\" content=\"2013-11-05T11:17:34+00:00\" \/>\n<script type=\"application\/ld+json\" class=\"yoast-schema-graph\">{\"@context\":\"https:\/\/schema.org\",\"@graph\":[{\"@type\":\"WebPage\",\"@id\":\"https:\/\/www.westmachinesoutils.fr\/mentions-legales\",\"url\":\"https:\/\/www.westmachinesoutils.fr\/mentions-legales\",\"name\":\"Mentions l\u00e9gales - West Machines Outils\",\"isPartOf\":{\"@id\":\"https:\/\/www.westmachinesoutils.fr\/#website\"},\"datePublished\":\"2013-04-22T06:56:34+00:00\",\"dateModified\":\"2013-11-05T11:17:34+00:00\",\"breadcrumb\":{\"@id\":\"https:\/\/www.westmachinesoutils.fr\/mentions-legales#breadcrumb\"},\"inLanguage\":\"de\",\"potentialAction\":[{\"@type\":\"ReadAction\",\"target\":[\"https:\/\/www.westmachinesoutils.fr\/mentions-legales\"]}]},{\"@type\":\"BreadcrumbList\",\"@id\":\"https:\/\/www.westmachinesoutils.fr\/mentions-legales#breadcrumb\",\"itemListElement\":[{\"@type\":\"ListItem\",\"position\":1,\"name\":\"Home\",\"item\":\"https:\/\/www.westmachinesoutils.fr\/\"},{\"@type\":\"ListItem\",\"position\":2,\"name\":\"Mentions l\u00e9gales\"}]},{\"@type\":\"WebSite\",\"@id\":\"https:\/\/www.westmachinesoutils.fr\/#website\",\"url\":\"https:\/\/www.westmachinesoutils.fr\/\",\"name\":\"West Machines Outils\",\"description\":\"\",\"potentialAction\":[{\"@type\":\"SearchAction\",\"target\":{\"@type\":\"EntryPoint\",\"urlTemplate\":\"https:\/\/www.westmachinesoutils.fr\/?s={search_term_string}\"},\"query-input\":{\"@type\":\"PropertyValueSpecification\",\"valueRequired\":true,\"valueName\":\"search_term_string\"}}],\"inLanguage\":\"de\"}]}<\/script>\n<!-- \/ Yoast SEO plugin. -->","yoast_head_json":{"title":"Mentions l\u00e9gales - West Machines Outils","robots":{"index":"index","follow":"follow","max-snippet":"max-snippet:-1","max-image-preview":"max-image-preview:large","max-video-preview":"max-video-preview:-1"},"canonical":"https:\/\/www.westmachinesoutils.fr\/mentions-legales","og_locale":"de_DE","og_type":"article","og_title":"Mentions l\u00e9gales - West Machines Outils","og_description":"R\u00e9alisation du site : BM-STRATEGIE SAS Agence de communication digitale haut de gamme 16, all\u00e9e F\u00e9lix Guyon 44800 SAINT HERBLAIN SIRET : 539 585 117 00010 www.bm-strategie.com","og_url":"https:\/\/www.westmachinesoutils.fr\/mentions-legales","og_site_name":"West Machines Outils","article_modified_time":"2013-11-05T11:17:34+00:00","schema":{"@context":"https:\/\/schema.org","@graph":[{"@type":"WebPage","@id":"https:\/\/www.westmachinesoutils.fr\/mentions-legales","url":"https:\/\/www.westmachinesoutils.fr\/mentions-legales","name":"Mentions l\u00e9gales - West Machines Outils","isPartOf":{"@id":"https:\/\/www.westmachinesoutils.fr\/#website"},"datePublished":"2013-04-22T06:56:34+00:00","dateModified":"2013-11-05T11:17:34+00:00","breadcrumb":{"@id":"https:\/\/www.westmachinesoutils.fr\/mentions-legales#breadcrumb"},"inLanguage":"de","potentialAction":[{"@type":"ReadAction","target":["https:\/\/www.westmachinesoutils.fr\/mentions-legales"]}]},{"@type":"BreadcrumbList","@id":"https:\/\/www.westmachinesoutils.fr\/mentions-legales#breadcrumb","itemListElement":[{"@type":"ListItem","position":1,"name":"Home","item":"https:\/\/www.westmachinesoutils.fr\/"},{"@type":"ListItem","position":2,"name":"Mentions l\u00e9gales"}]},{"@type":"WebSite","@id":"https:\/\/www.westmachinesoutils.fr\/#website","url":"https:\/\/www.westmachinesoutils.fr\/","name":"West Machines Outils","description":"","potentialAction":[{"@type":"SearchAction","target":{"@type":"EntryPoint","urlTemplate":"https:\/\/www.westmachinesoutils.fr\/?s={search_term_string}"},"query-input":{"@type":"PropertyValueSpecification","valueRequired":true,"valueName":"search_term_string"}}],"inLanguage":"de"}]}},"_links":{"self":[{"href":"https:\/\/www.westmachinesoutils.fr\/de\/wp-json\/wp\/v2\/pages\/2258","targetHints":{"allow":["GET"]}}],"collection":[{"href":"https:\/\/www.westmachinesoutils.fr\/de\/wp-json\/wp\/v2\/pages"}],"about":[{"href":"https:\/\/www.westmachinesoutils.fr\/de\/wp-json\/wp\/v2\/types\/page"}],"author":[{"embeddable":true,"href":"https:\/\/www.westmachinesoutils.fr\/de\/wp-json\/wp\/v2\/users\/4"}],"replies":[{"embeddable":true,"href":"https:\/\/www.westmachinesoutils.fr\/de\/wp-json\/wp\/v2\/comments?post=2258"}],"version-history":[{"count":5,"href":"https:\/\/www.westmachinesoutils.fr\/de\/wp-json\/wp\/v2\/pages\/2258\/revisions"}],"predecessor-version":[{"id":2809,"href":"https:\/\/www.westmachinesoutils.fr\/de\/wp-json\/wp\/v2\/pages\/2258\/revisions\/2809"}],"wp:attachment":[{"href":"https:\/\/www.westmachinesoutils.fr\/de\/wp-json\/wp\/v2\/media?parent=2258"}],"curies":[{"name":"wp","href":"https:\/\/api.w.org\/{rel}","templated":true}]}}